{"id":7822,"date":"2022-09-03T14:25:18","date_gmt":"2022-09-03T14:25:18","guid":{"rendered":"https:\/\/www.mudilogistics.com\/?page_id=7822"},"modified":"2022-09-03T19:33:22","modified_gmt":"2022-09-03T19:33:22","slug":"teklif-al","status":"publish","type":"page","link":"https:\/\/www.mudilogistics.com\/en\/teklif-al\/","title":{"rendered":"Get an Offer"},"content":{"rendered":"<div data-elementor-type=\"wp-page\" data-elementor-id=\"7822\" class=\"elementor elementor-7822\">\n\t\t\t\t\t\t\t\t\t<section class=\"elementor-section elementor-top-section elementor-element elementor-element-2db6d8f elementor-section-height-min-height elementor-section-boxed elementor-section-height-default elementor-section-items-middle\" data-id=\"2db6d8f\" data-element_type=\"section\">\n\t\t\t\t\t\t\t<div class=\"elementor-background-overlay\"><\/div>\n\t\t\t\t\t\t\t<div class=\"elementor-container elementor-column-gap-default\">\n\t\t\t\t\t<div class=\"elementor-column elementor-col-100 elementor-top-column elementor-element elementor-element-6641b79\" data-id=\"6641b79\" data-element_type=\"column\">\n\t\t\t<div class=\"elementor-widget-wrap\">\n\t\t\t\t\t\t\t\t\t<\/div>\n\t\t<\/div>\n\t\t\t\t\t\t\t<\/div>\n\t\t<\/section>\n\t\t\t\t<section class=\"elementor-section elementor-top-section elementor-element elementor-element-5ebcc78 elementor-section-boxed elementor-section-height-default elementor-section-height-default\" data-id=\"5ebcc78\" data-element_type=\"section\">\n\t\t\t\t\t\t<div class=\"elementor-container elementor-column-gap-default\">\n\t\t\t\t\t<div class=\"elementor-column elementor-col-100 elementor-top-column elementor-element elementor-element-09e4798\" data-id=\"09e4798\" data-element_type=\"column\">\n\t\t\t<div class=\"elementor-widget-wrap elementor-element-populated\">\n\t\t\t\t\t\t\t\t<div class=\"elementor-element elementor-element-8223f9b elementor-widget__width-initial elementor-widget elementor-widget-hub_fancy_heading\" data-id=\"8223f9b\" data-element_type=\"widget\" data-widget_type=\"hub_fancy_heading.default\">\n\t\t\t\t<div class=\"elementor-widget-container\">\n\t\t\t\n\t\t<div id=\"ld-fancy-heading-69e7b1111333e\" class=\"ld-fancy-heading pos-rel\">\n\t\t\t<div class=\"ld-fh-element d-inline-block pos-rel lqd-highlight-classic lqd-highlight-grow-left div\"  > \u2014 GET YOUR OFFER<\/div>\t\t<\/div>\n\n\t\t\t\t<\/div>\n\t\t\t\t<\/div>\n\t\t\t\t<div class=\"elementor-element elementor-element-ffa2ec5 elementor-widget-divider--view-line elementor-widget elementor-widget-divider\" data-id=\"ffa2ec5\" data-element_type=\"widget\" data-widget_type=\"divider.default\">\n\t\t\t\t<div class=\"elementor-widget-container\">\n\t\t\t<style>\/*! elementor - v3.7.4 - 31-08-2022 *\/\n.elementor-widget-divider{--divider-border-style:none;--divider-border-width:1px;--divider-color:#2c2c2c;--divider-icon-size:20px;--divider-element-spacing:10px;--divider-pattern-height:24px;--divider-pattern-size:20px;--divider-pattern-url:none;--divider-pattern-repeat:repeat-x}.elementor-widget-divider .elementor-divider{display:-webkit-box;display:-ms-flexbox;display:flex}.elementor-widget-divider .elementor-divider__text{font-size:15px;line-height:1;max-width:95%}.elementor-widget-divider .elementor-divider__element{margin:0 var(--divider-element-spacing);-ms-flex-negative:0;flex-shrink:0}.elementor-widget-divider .elementor-icon{font-size:var(--divider-icon-size)}.elementor-widget-divider .elementor-divider-separator{display:-webkit-box;display:-ms-flexbox;display:flex;margin:0;direction:ltr}.elementor-widget-divider--view-line_icon .elementor-divider-separator,.elementor-widget-divider--view-line_text .elementor-divider-separator{-webkit-box-align:center;-ms-flex-align:center;align-items:center}.elementor-widget-divider--view-line_icon .elementor-divider-separator:after,.elementor-widget-divider--view-line_icon .elementor-divider-separator:before,.elementor-widget-divider--view-line_text .elementor-divider-separator:after,.elementor-widget-divider--view-line_text .elementor-divider-separator:before{display:block;content:\"\";border-bottom:0;-webkit-box-flex:1;-ms-flex-positive:1;flex-grow:1;border-top:var(--divider-border-width) var(--divider-border-style) var(--divider-color)}.elementor-widget-divider--element-align-left .elementor-divider .elementor-divider-separator>.elementor-divider__svg:first-of-type{-webkit-box-flex:0;-ms-flex-positive:0;flex-grow:0;-ms-flex-negative:100;flex-shrink:100}.elementor-widget-divider--element-align-left .elementor-divider-separator:before{content:none}.elementor-widget-divider--element-align-left .elementor-divider__element{margin-left:0}.elementor-widget-divider--element-align-right .elementor-divider .elementor-divider-separator>.elementor-divider__svg:last-of-type{-webkit-box-flex:0;-ms-flex-positive:0;flex-grow:0;-ms-flex-negative:100;flex-shrink:100}.elementor-widget-divider--element-align-right .elementor-divider-separator:after{content:none}.elementor-widget-divider--element-align-right .elementor-divider__element{margin-right:0}.elementor-widget-divider:not(.elementor-widget-divider--view-line_text):not(.elementor-widget-divider--view-line_icon) .elementor-divider-separator{border-top:var(--divider-border-width) var(--divider-border-style) var(--divider-color)}.elementor-widget-divider--separator-type-pattern{--divider-border-style:none}.elementor-widget-divider--separator-type-pattern.elementor-widget-divider--view-line .elementor-divider-separator,.elementor-widget-divider--separator-type-pattern:not(.elementor-widget-divider--view-line) .elementor-divider-separator:after,.elementor-widget-divider--separator-type-pattern:not(.elementor-widget-divider--view-line) .elementor-divider-separator:before,.elementor-widget-divider--separator-type-pattern:not([class*=elementor-widget-divider--view]) .elementor-divider-separator{width:100%;min-height:var(--divider-pattern-height);-webkit-mask-size:var(--divider-pattern-size) 100%;mask-size:var(--divider-pattern-size) 100%;-webkit-mask-repeat:var(--divider-pattern-repeat);mask-repeat:var(--divider-pattern-repeat);background-color:var(--divider-color);-webkit-mask-image:var(--divider-pattern-url);mask-image:var(--divider-pattern-url)}.elementor-widget-divider--no-spacing{--divider-pattern-size:auto}.elementor-widget-divider--bg-round{--divider-pattern-repeat:round}.rtl .elementor-widget-divider .elementor-divider__text{direction:rtl}.e-container>.elementor-widget-divider{width:var(--container-widget-width,100%);--flex-grow:var(--container-widget-flex-grow,0)}<\/style>\t\t<div class=\"elementor-divider\">\n\t\t\t<span class=\"elementor-divider-separator\">\n\t\t\t\t\t\t<\/span>\n\t\t<\/div>\n\t\t\t\t<\/div>\n\t\t\t\t<\/div>\n\t\t\t\t\t<\/div>\n\t\t<\/div>\n\t\t\t\t\t\t\t<\/div>\n\t\t<\/section>\n\t\t\t\t<section class=\"elementor-section elementor-top-section elementor-element elementor-element-9a2ea95 elementor-section-boxed elementor-section-height-default elementor-section-height-default\" data-id=\"9a2ea95\" data-element_type=\"section\">\n\t\t\t\t\t\t<div class=\"elementor-container elementor-column-gap-default\">\n\t\t\t\t\t<div class=\"elementor-column elementor-col-50 elementor-top-column elementor-element elementor-element-453f994\" data-id=\"453f994\" data-element_type=\"column\">\n\t\t\t<div class=\"elementor-widget-wrap elementor-element-populated\">\n\t\t\t\t\t\t\t\t<div class=\"elementor-element elementor-element-6aacc84 elementor-widget-divider--view-line elementor-widget elementor-widget-divider\" data-id=\"6aacc84\" data-element_type=\"widget\" data-widget_type=\"divider.default\">\n\t\t\t\t<div class=\"elementor-widget-container\">\n\t\t\t\t\t<div class=\"elementor-divider\">\n\t\t\t<span class=\"elementor-divider-separator\">\n\t\t\t\t\t\t<\/span>\n\t\t<\/div>\n\t\t\t\t<\/div>\n\t\t\t\t<\/div>\n\t\t\t\t<div class=\"elementor-element elementor-element-ff84f0d elementor-widget__width-initial elementor-widget elementor-widget-hub_fancy_heading\" data-id=\"ff84f0d\" data-element_type=\"widget\" data-widget_type=\"hub_fancy_heading.default\">\n\t\t\t\t<div class=\"elementor-widget-container\">\n\t\t\t\n\t\t<div id=\"ld-fancy-heading-69e7b11115b97\" class=\"ld-fancy-heading pos-rel\">\n\t\t\t<h1 class=\"ld-fh-element d-inline-block pos-rel elementor-heading-title lqd-highlight-classic lqd-highlight-grow-left h1\"  > Let us create a special offer for you.<\/h1>\t\t<\/div>\n\n\t\t\t\t<\/div>\n\t\t\t\t<\/div>\n\t\t\t\t<div class=\"elementor-element elementor-element-59d9cf4 elementor-widget__width-initial elementor-widget elementor-widget-hub_fancy_heading\" data-id=\"59d9cf4\" data-element_type=\"widget\" data-widget_type=\"hub_fancy_heading.default\">\n\t\t\t\t<div class=\"elementor-widget-container\">\n\t\t\t\n\t\t<div id=\"ld-fancy-heading-69e7b111167c5\" class=\"ld-fancy-heading pos-rel\">\n\t\t\t<p class=\"ld-fh-element d-inline-block pos-rel lqd-highlight-classic lqd-highlight-grow-left p\"  > After making your choice among the solutions we offer, write down all the details you need and we will create a special offer for you.<\/p>\t\t<\/div>\n\n\t\t\t\t<\/div>\n\t\t\t\t<\/div>\n\t\t\t\t\t<\/div>\n\t\t<\/div>\n\t\t\t\t<div class=\"elementor-column elementor-col-50 elementor-top-column elementor-element elementor-element-a9cfc1e\" data-id=\"a9cfc1e\" data-element_type=\"column\">\n\t\t\t<div class=\"elementor-widget-wrap elementor-element-populated\">\n\t\t\t\t\t\t\t\t<div class=\"elementor-element elementor-element-0ca3297 formradioinline elementor-widget elementor-widget-ld_cf722\" data-id=\"0ca3297\" data-element_type=\"widget\" data-widget_type=\"ld_cf722.default\">\n\t\t\t\t<div class=\"elementor-widget-container\">\n\t\t\t\n\t<div class=\"lqd-contact-form lqd-contact-form-inputs-underlined lqd-contact-form-inputs-border-thick lqd-contact-form-button-block lqd-contact-form-button-filled lqd-contact-form-button-lg lqd-contact-form-button-round\" >\n\t\t<div role=\"form\" class=\"wpcf7\" id=\"wpcf7-f7827-o1\" lang=\"en-GB\" dir=\"ltr\">\n<div class=\"screen-reader-response\"><p role=\"status\" aria-live=\"polite\" aria-atomic=\"true\"><\/p> <ul><\/ul><\/div>\n<form action=\"\/en\/wp-json\/wp\/v2\/pages\/7822#wpcf7-f7827-o1\" method=\"post\" class=\"wpcf7-form init\" novalidate=\"novalidate\" data-status=\"init\" data-trp-original-action=\"\/en\/wp-json\/wp\/v2\/pages\/7822#wpcf7-f7827-o1\">\n<div style=\"display: none;\">\n<input type=\"hidden\" name=\"_wpcf7\" value=\"7827\" \/>\n<input type=\"hidden\" name=\"_wpcf7_version\" value=\"5.6.3\" \/>\n<input type=\"hidden\" name=\"_wpcf7_locale\" value=\"en_GB\" \/>\n<input type=\"hidden\" name=\"_wpcf7_unit_tag\" value=\"wpcf7-f7827-o1\" \/>\n<input type=\"hidden\" name=\"_wpcf7_container_post\" value=\"0\" \/>\n<input type=\"hidden\" name=\"_wpcf7_posted_data_hash\" value=\"\" \/>\n<\/div>\n<div class=\"row\">\n<div class=\"col-md-12\">\n<p style=\"margin: 0; color: rgba(0 0 0 \/ 0.9); font-size: 15px;\">Which service would you like to get offer?*<\/p>\n<p><span class=\"wpcf7-form-control-wrap\" data-name=\"menu-390\"><select name=\"menu-390\" class=\"wpcf7-form-control wpcf7-select wpcf7-validates-as-required\" aria-required=\"true\" aria-invalid=\"false\"><option value=\"\">---<\/option><option value=\"Denizyolu Ta\u015f\u0131mac\u0131l\u0131\u011f\u0131\">Sea Transportation<\/option><option value=\"Havayolu Ta\u015f\u0131mac\u0131l\u0131\u011f\u0131\">Air Transportation<\/option><option value=\"Proje ve A\u011f\u0131r Y\u00fck Ta\u015f\u0131mac\u0131l\u0131\u011f\u0131\">Project and heavy cargo transportation<\/option><option value=\"Depolama Hizmetleri\">Warehousing<\/option><\/select><\/span>\n<\/p><\/div>\n<div class=\"col-md-12\">\n<p style=\"margin: 0; color: rgba(0 0 0 \/ 0.9); font-size: 15px;\">Your Message<\/p>\n<p><span class=\"wpcf7-form-control-wrap\" data-name=\"textarea-889\"><textarea name=\"textarea-889\" cols=\"10\" rows=\"3\" class=\"wpcf7-form-control wpcf7-textarea\" aria-invalid=\"false\" placeholder=\"Your message\"><\/textarea><\/span>\n<\/p><\/div>\n<div class=\"col-md-12\">\n<span class=\"wpcf7-form-control-wrap\" data-name=\"radio-472\"><span class=\"wpcf7-form-control wpcf7-radio\"><span class=\"wpcf7-list-item first\"><label><input type=\"radio\" name=\"radio-472\" value=\"Kad\u0131n\" \/><span class=\"wpcf7-list-item-label\">Ms.<\/span><\/label><\/span><span class=\"wpcf7-list-item last\"><label><input type=\"radio\" name=\"radio-472\" value=\"Erkek\" \/><span class=\"wpcf7-list-item-label\">Mr.<\/span><\/label><\/span><\/span><\/span>\n<\/div>\n<div class=\"col-md-6\">\n<p style=\"margin: 0; color: rgba(0 0 0 \/ 0.9); font-size: 15px;\">Full Name*<\/p>\n<p><span class=\"wpcf7-form-control-wrap\" data-name=\"text-619\"><input type=\"text\" name=\"text-619\" value=\"\" size=\"40\" class=\"wpcf7-form-control wpcf7-text wpcf7-validates-as-required\" aria-required=\"true\" aria-invalid=\"false\" \/><\/span>\n<\/p><\/div>\n<div class=\"col-md-6\">\n<p style=\"margin: 0; color: rgba(0 0 0 \/ 0.9); font-size: 15px;\">Your Company*<\/p>\n<p><span class=\"wpcf7-form-control-wrap\" data-name=\"text-881\"><input type=\"text\" name=\"text-881\" value=\"\" size=\"40\" class=\"wpcf7-form-control wpcf7-text wpcf7-validates-as-required\" aria-required=\"true\" aria-invalid=\"false\" \/><\/span>\n<\/p><\/div>\n<div class=\"col-md-6\">\n<p style=\"margin: 0; color: rgba(0 0 0 \/ 0.9); font-size: 15px;\">City*<\/p>\n<p><span class=\"wpcf7-form-control-wrap\" data-name=\"text-94\"><input type=\"text\" name=\"text-94\" value=\"\" size=\"40\" class=\"wpcf7-form-control wpcf7-text\" aria-invalid=\"false\" \/><\/span>\n<\/p><\/div>\n<div class=\"col-md-6\">\n<p style=\"margin: 0; color: rgba(0 0 0 \/ 0.9); font-size: 15px;\">Country*<\/p>\n<p><span class=\"wpcf7-form-control-wrap\" data-name=\"text-95\"><input type=\"text\" name=\"text-95\" value=\"\" size=\"40\" class=\"wpcf7-form-control wpcf7-text\" aria-invalid=\"false\" \/><\/span>\n<\/p><\/div>\n<div class=\"col-md-6\">\n<p style=\"margin: 0; color: rgba(0 0 0 \/ 0.9); font-size: 15px;\">E-mail*<\/p>\n<p><span class=\"wpcf7-form-control-wrap\" data-name=\"email-899\"><input type=\"email\" name=\"email-899\" value=\"\" size=\"40\" class=\"wpcf7-form-control wpcf7-text wpcf7-email wpcf7-validates-as-required wpcf7-validates-as-email\" aria-required=\"true\" aria-invalid=\"false\" \/><\/span>\n<\/p><\/div>\n<div class=\"col-md-6\">\n<p style=\"margin: 0; color: rgba(0 0 0 \/ 0.9); font-size: 15px;\">Your Phone*<\/p>\n<p><span class=\"wpcf7-form-control-wrap\" data-name=\"tel-957\"><input type=\"tel\" name=\"tel-957\" value=\"\" size=\"40\" class=\"wpcf7-form-control wpcf7-text wpcf7-tel wpcf7-validates-as-required wpcf7-validates-as-tel\" aria-required=\"true\" aria-invalid=\"false\" \/><\/span>\n<\/p><\/div>\n<div class=\"col-md-8\">\n<span class=\"wpcf7-form-control-wrap\" data-name=\"acceptance-666\"><span class=\"wpcf7-form-control wpcf7-acceptance optional\"><span class=\"wpcf7-list-item\"><label><input type=\"checkbox\" name=\"acceptance-666\" value=\"1\" aria-invalid=\"false\" \/><span class=\"wpcf7-list-item-label\">I agree to receive e-mails and phone calls.<\/span><\/label><\/span><\/span><\/span>\n<\/div>\n<div class=\"col-md-4\">\n<p style=\"font-size:12px;text-align:right;padding-top:4px\">*required<\/p>\n<\/div>\n<div class=\"col-md-12\">\n<input type=\"submit\" value=\"SEND\" class=\"wpcf7-form-control has-spinner wpcf7-submit\" \/>\n<\/div>\n<\/div>\n<div class=\"wpcf7-response-output\" aria-hidden=\"true\"><\/div><input type=\"hidden\" name=\"trp-form-language\" value=\"en\"\/><\/form><\/div>\t<\/div>\n\n\t\t\t<\/div>\n\t\t\t\t<\/div>\n\t\t\t\t\t<\/div>\n\t\t<\/div>\n\t\t\t\t\t\t\t<\/div>\n\t\t<\/section>\n\t\t\t\t\t\t\t<\/div>","protected":false},"excerpt":{"rendered":"<p>\u2014 TEKL\u0130F AL Size \u00f6zel bir teklif olu\u015ftural\u0131m. Sundu\u011fumuz \u00e7\u00f6z\u00fcmler aras\u0131ndan se\u00e7imizi yapt\u0131ktan sonra ihtiyac\u0131n\u0131z olan t\u00fcm detaylar\u0131 yaz\u0131n, size \u00f6zel bir teklif olu\u015ftural\u0131m. Hangi konuda g\u00f6r\u00fc\u015fmek istiyorsunuz?* &#8212;se\u00e7enek 1se\u00e7enek 2 Mesaj Kad\u0131nErkek Ad Soyad* \u00c7al\u0131\u015ft\u0131\u011f\u0131n\u0131z Kurum \/ \u015eirket* \u015eehir* \u00dclke* E-mail* Telefon* E-posta almay\u0131 ve telefon ile aranmay\u0131 kabul ediyorum. *doldurulmas\u0131 gereken alanlar<\/p>","protected":false},"author":1,"featured_media":0,"parent":0,"menu_order":0,"comment_status":"closed","ping_status":"closed","template":"","meta":[],"_links":{"self":[{"href":"https:\/\/www.mudilogistics.com\/en\/wp-json\/wp\/v2\/pages\/7822"}],"collection":[{"href":"https:\/\/www.mudilogistics.com\/en\/wp-json\/wp\/v2\/pages"}],"about":[{"href":"https:\/\/www.mudilogistics.com\/en\/wp-json\/wp\/v2\/types\/page"}],"author":[{"embeddable":true,"href":"https:\/\/www.mudilogistics.com\/en\/wp-json\/wp\/v2\/users\/1"}],"replies":[{"embeddable":true,"href":"https:\/\/www.mudilogistics.com\/en\/wp-json\/wp\/v2\/comments?post=7822"}],"version-history":[{"count":40,"href":"https:\/\/www.mudilogistics.com\/en\/wp-json\/wp\/v2\/pages\/7822\/revisions"}],"predecessor-version":[{"id":8114,"href":"https:\/\/www.mudilogistics.com\/en\/wp-json\/wp\/v2\/pages\/7822\/revisions\/8114"}],"wp:attachment":[{"href":"https:\/\/www.mudilogistics.com\/en\/wp-json\/wp\/v2\/media?parent=7822"}],"curies":[{"name":"wp","href":"https:\/\/api.w.org\/{rel}","templated":true}]}}